{"id":90,"date":"2015-02-05T00:10:14","date_gmt":"2015-02-05T00:10:14","guid":{"rendered":"http:\/\/pediatr-stecko.cz\/?page_id=90"},"modified":"2023-05-11T21:11:35","modified_gmt":"2023-05-11T21:11:35","slug":"kontakt-2","status":"publish","type":"page","link":"https:\/\/pediatr-stecko.cz\/?page_id=90","title":{"rendered":"Kontakt"},"content":{"rendered":"<p><strong>Pediatrie Praha 8 s.r.o.<\/strong><br \/>\n<strong>I\u010cO:\u00a0<\/strong> 02286530<\/p>\n<p><strong>L\u00e9ka\u0159:\u00a0\u00a0 <\/strong> MUDr. Alena Stecko<br \/>\n<strong>Webov\u00e9 str\u00e1nky: <\/strong> <a href=\"http:\/\/www.pediatr-stecko.cz\"> www.pediatr-stecko.cz <\/a><\/p>\n<p><strong>Adresa: \u00a0<\/strong> St\u0159elni\u010dn\u00e1 1284\/51a, 182 00 Praha-Kobylisy<\/p>\n<p><strong>Adresa pro zad\u00e1n\u00ed do navigace <\/strong>(google maps): T\u0159ebenick\u00e1 4<br \/>\nmetro C &#8211; L\u00e1dv\u00ed, tram 10, bus 177, 183, 103 &#8211; zast\u00e1vka \u0160t\u011bpni\u010dn\u00e1<\/p>\n<p><strong>Tel.:<\/strong>\u00a0 (+420) <span id=\"-wm-result_box\" lang=\"cs\">602 267 518<\/span><\/p>\n<p><strong>GPS: \u00a0<\/strong> N 50\u00b07.71120&#8242;, E 14\u00b028.65003&#8242;<br \/>\n<div id=\"wpgmza_map_1\" class=\"wpgmza_map wpgmza-auto-left\" style=\"display:block;width:100\\%;height:400px;overflow:hidden;position:relative;\" data-map-id=\"1\" data-maps-engine=\"open-layers\" data-build-engine=\"atlas-novus\" data-shortcode-attributes=\"{&quot;id&quot;:&quot;1&quot;,&quot;zoom&quot;:false,&quot;width&quot;:false,&quot;height&quot;:false,&quot;marker&quot;:false,&quot;classname&quot;:false}\" data-settings=\"{&quot;map_title&quot;:&quot;My first map&quot;,&quot;map_width&quot;:&quot;100&quot;,&quot;map_height&quot;:&quot;400&quot;,&quot;map_start_lat&quot;:&quot;50.128546&quot;,&quot;map_start_lng&quot;:&quot;14.477440&quot;,&quot;map_start_location&quot;:&quot;50.1285456,14.477440300000012&quot;,&quot;map_start_zoom&quot;:&quot;15&quot;,&quot;default_marker&quot;:&quot;0&quot;,&quot;type&quot;:&quot;1&quot;,&quot;alignment&quot;:&quot;3&quot;,&quot;directions_enabled&quot;:&quot;1&quot;,&quot;styling_enabled&quot;:&quot;0&quot;,&quot;styling_json&quot;:&quot;&quot;,&quot;active&quot;:&quot;0&quot;,&quot;kml&quot;:&quot;&quot;,&quot;bicycle&quot;:&quot;2&quot;,&quot;traffic&quot;:&quot;2&quot;,&quot;dbox&quot;:&quot;1&quot;,&quot;dbox_width&quot;:&quot;250&quot;,&quot;listmarkers&quot;:&quot;0&quot;,&quot;listmarkers_advanced&quot;:&quot;0&quot;,&quot;filterbycat&quot;:&quot;0&quot;,&quot;ugm_enabled&quot;:&quot;0&quot;,&quot;ugm_category_enabled&quot;:&quot;0&quot;,&quot;fusion&quot;:&quot;&quot;,&quot;map_width_type&quot;:&quot;\\\\%&quot;,&quot;map_height_type&quot;:&quot;px&quot;,&quot;mass_marker_support&quot;:&quot;1&quot;,&quot;ugm_access&quot;:&quot;0&quot;,&quot;order_markers_by&quot;:&quot;1&quot;,&quot;order_markers_choice&quot;:&quot;2&quot;,&quot;show_user_location&quot;:&quot;0&quot;,&quot;default_to&quot;:&quot;&quot;,&quot;store_locator_enabled&quot;:2,&quot;store_locator_distance&quot;:2,&quot;store_locator_bounce&quot;:1,&quot;store_locator_query_string&quot;:&quot;ZIP \\\/ Address:&quot;,&quot;weather_layer&quot;:2,&quot;weather_layer_temp_type&quot;:1,&quot;cloud_layer&quot;:2,&quot;transport_layer&quot;:2,&quot;id&quot;:1}\" ><\/div><\/p>\n","protected":false},"excerpt":{"rendered":"<p>Pediatrie Praha 8 s.r.o. I\u010cO:\u00a0 02286530 L\u00e9ka\u0159:\u00a0\u00a0 MUDr. Alena Stecko Webov\u00e9 str\u00e1nky: www.pediatr-stecko.cz Adresa: \u00a0 St\u0159elni\u010dn\u00e1 1284\/51a, 182 00 Praha-Kobylisy Adresa pro zad\u00e1n\u00ed do navigace (google maps): T\u0159ebenick\u00e1 4 metro C &#8211; L\u00e1dv\u00ed, tram 10, bus 177, 183, 103 &#8211; zast\u00e1vka \u0160t\u011bpni\u010dn\u00e1 Tel.:\u00a0 (+420) 602 267 518 GPS: \u00a0 N 50\u00b07.71120&#8242;, E 14\u00b028.65003&#8242;<\/p>\n","protected":false},"author":1,"featured_media":0,"parent":0,"menu_order":7,"comment_status":"closed","ping_status":"closed","template":"","meta":{"footnotes":""},"class_list":["post-90","page","type-page","status-publish","hentry"],"_links":{"self":[{"href":"https:\/\/pediatr-stecko.cz\/index.php?rest_route=\/wp\/v2\/pages\/90","targetHints":{"allow":["GET"]}}],"collection":[{"href":"https:\/\/pediatr-stecko.cz\/index.php?rest_route=\/wp\/v2\/pages"}],"about":[{"href":"https:\/\/pediatr-stecko.cz\/index.php?rest_route=\/wp\/v2\/types\/page"}],"author":[{"embeddable":true,"href":"https:\/\/pediatr-stecko.cz\/index.php?rest_route=\/wp\/v2\/users\/1"}],"replies":[{"embeddable":true,"href":"https:\/\/pediatr-stecko.cz\/index.php?rest_route=%2Fwp%2Fv2%2Fcomments&post=90"}],"version-history":[{"count":17,"href":"https:\/\/pediatr-stecko.cz\/index.php?rest_route=\/wp\/v2\/pages\/90\/revisions"}],"predecessor-version":[{"id":113,"href":"https:\/\/pediatr-stecko.cz\/index.php?rest_route=\/wp\/v2\/pages\/90\/revisions\/113"}],"wp:attachment":[{"href":"https:\/\/pediatr-stecko.cz\/index.php?rest_route=%2Fwp%2Fv2%2Fmedia&parent=90"}],"curies":[{"name":"wp","href":"https:\/\/api.w.org\/{rel}","templated":true}]}}