{"id":9,"date":"2015-01-14T22:06:59","date_gmt":"2015-01-14T22:06:59","guid":{"rendered":"http:\/\/pediatr-stecko.cz\/?page_id=9"},"modified":"2026-04-22T20:53:12","modified_gmt":"2026-04-22T20:53:12","slug":"about","status":"publish","type":"page","link":"https:\/\/pediatr-stecko.cz\/","title":{"rendered":"Na\u0161e ordinace"},"content":{"rendered":"<div>\n<p>V\u00e1\u017een\u00ed rodi\u010de a pacienti,<\/p>\n<\/div>\n<p><!--more--><\/p>\n<div>\n<ul>\n<li>pacienti jsou st\u00e1le p\u0159ij\u00edm\u00e1ni na vy\u0161et\u0159en\u00ed pouze\u00a0<em>po telefonick\u00e9 domluv\u011b nebo mailem<\/em><\/li>\n<li>rodi\u010d akutn\u011b nemocn\u00e9ho d\u00edt\u011bte s respira\u010dn\u00edm infektem\u00a0je povinen telefonicky kontaktovat l\u00e9ka\u0159e a ten rozhodne o form\u011b vy\u0161et\u0159en\u00ed, o\u00a0p\u0159esunut\u00ed preventivn\u00edch prohl\u00eddek a o\u010dkov\u00e1n\u00ed striktn\u011b na dopoledn\u00ed \u010das ordinace<\/li>\n<\/ul>\n<p><span id=\"-wm-result_box\" lang=\"cs\">K dispozici je tel. linka + 420 602 267 518, p\u0159\u00edpadn\u011b k dotaz\u016fm, kter\u00e9 nevy\u017eaduj\u00ed bezprost\u0159edn\u00ed odpov\u011b\u010f e-mail: <em>pediatriepraha8@gmail.com<\/em><\/span><\/p>\n<ul>\n<li style=\"list-style-type: none;\">\n<ul>\n<li><span lang=\"cs\"><u>Potvrzen\u00ed do MS, zdravotn\u00ed zp\u016fsobilost &#8211; <span style=\"color: #ff0000;\"> v ordina\u010dn\u00edch hodin\u00e1ch bez objedn\u00e1n\u00ed <strong>pouze pro registrovan\u00e9 pacienty<\/strong><br \/>\n<\/span><\/u><\/span><\/li>\n<li><span id=\"-wm-result_box\" lang=\"cs\"><u>Nemocn\u00e9 d\u011bti &#8211; akutn\u00ed obt\u00ed\u017ee &#8211; objedn\u00e1vejte pros\u00edme telefonicky denn\u011b v \u010dase 8:00-9:00 h, krom\u011b \u00fater\u00fd\u00a0<span style=\"color: #ff0000;\">(v \u00fater\u00fd 13:00-14:00 h)<\/span>\u00a0 na pevn\u00e9 lince ordinace.<\/u><\/span><\/li>\n<li><span id=\"-wm-result_box\" lang=\"cs\"><u> Telefonick\u00e9 konzultace a v\u00fdsledky sd\u011blujeme v \u010dase 11:30-12:00h\u00a0\u00a0takt\u00e9\u017e na pevn\u00e9 lince ordinace.<\/u><\/span><\/li>\n<li><u>Preventivn\u00ed prohl\u00eddky a o\u010dkov\u00e1n\u00ed, konzultace\u00a0 a p\u0159esouv\u00e1n\u00ed term\u00edn\u016f, posudky, recepty objedn\u00e1vejte p\u0159ednostn\u011b telefonicky v \u010dase 8:00-9:00h\u010di 11:00-12:00h\u00a0\u00a0na pevn\u00e9 lince.<\/u><\/li>\n<\/ul>\n<p><span id=\"-wm-result_box\" lang=\"cs\">Pokud nem\u016f\u017eete domluven\u00fd term\u00edn dodr\u017eet, kontaktujte n\u00e1s co nejd\u0159\u00edve.\u00a0S ohledem na plynul\u00fd provoz ordinace a rostouc\u00ed popt\u00e1vku po slu\u017eb\u00e1ch ordinace v\u00e1s nebudeme moci vy\u0161et\u0159it pokud p\u0159ijdete mimo smluven\u00fd \u010das.<\/span><\/li>\n<\/ul>\n<\/div>\n<div>\n<p><a href=\"https:\/\/koronavirus.mzcr.cz\/\" target=\"_blank\" rel=\"noopener\">Dal\u0161\u00ed informace<\/a><\/p>\n<p>Dear parents and patients,<br \/>\nIn order to minimise\u00a0 possible virus dissemination, certain restrictions to be applied at the ambulance:<\/p>\n<ul>\n<li>Parents of a child with suspected\u00a0 resperatory desease has to call\u00a0 the doctor firstly, then the doctor will decide which form of examination is needed<\/li>\n<li>Preventive medical exminations and vaccinations only during the morning hours<\/li>\n<\/ul>\n<p><span id=\"-wm-result_box\" lang=\"cs\">Contact telephone is +420 602 267 518. With the questions not requiring immediate answer please use e-mail: pediatriepraha8@gmail.com\u00a0<\/span><\/p>\n<ul>\n<li><span id=\"-wm-result_box\" lang=\"cs\"><u>Health certificates, certificates for kindergarten <span style=\"color: #ff0000;\"> without reservation <\/span> during working hours for the <span style=\"color: #ff0000;\">registered patients only<\/span><\/u><\/span><\/li>\n<li><span id=\"-wm-result_box\" lang=\"cs\"><u>Sick children with acute problems: please reserve appointments daily from 8:00-9:00 a.m. except Tuesday <span style=\"color: #ff0000;\">(on Tuesday 1 pm-2 pm)<\/span> using landline +420 602 267 518 . <\/u><\/span><\/li>\n<li><span id=\"-wm-result_box\" lang=\"cs\"><u>Phone consultations\u00a0 and blood tests results are available from 11:30- 12:00 a.m. also via landline<\/u><\/span><\/li>\n<li><span id=\"-wm-result_box\" lang=\"cs\"><u>Regular medical examinations and vaccinations, consultations, moving of appointments, prescriptions and health certificates please order in advance over the landline\u00a0 8:00- 9:oo a.m. and 11:00-12:00 a.m.\u00a0<\/u><\/span><u>\u00a0<\/u><\/li>\n<\/ul>\n<p>In case you are not able to come in time please contact us ASAP. Due to the big load in the abmulace we cannot guarantee that you can be examined if you come not within the agreed time frame.<\/p>\n<div><a href=\"https:\/\/koronavirus.mzcr.cz\/\" target=\"_blank\" rel=\"noopener\">Further information<\/a><\/div>\n<\/div>\n<div><\/div>\n<div>\n<div><strong>O mn\u011b<\/strong><\/div>\n<\/div>\n<p>Jako d\u011btsk\u00e1 l\u00e9ka\u0159ka m\u00e1m dlouholetou zku\u0161enost s l\u00e9\u010dbou d\u011btsk\u00fdch onemocn\u011bn\u00ed. P\u016fsobila jsem v onkologicko-hematologick\u00e9m centru pro d\u011bti na odd\u011blen\u00ed transplantac\u00ed kostn\u00ed d\u0159en\u011b v Minsku (B\u011blorusko), na Klinice d\u011btsk\u00e9 onkologie a hematologie ve FN Motol, jako praktick\u00e1 l\u00e9ka\u0159ka pro d\u011bti a dorost v Mediclinic a.s. v Praze.<br \/>\nJsem autorkou v\u011bdeck\u00fdch prac\u00ed v oboru onkologie a hematologie, prim\u00e1rn\u011b jsem se v\u011bnovala probl\u00e9m\u016fm l\u00e9\u010den\u00ed akutn\u00ed myeloblastick\u00e9 leuk\u00e9mie u d\u011bt\u00ed. Absolvovala jsem st\u00e1\u017e v institutu Curie (Pa\u0159\u00ed\u017e) a na univerzitn\u00ed klinice ve Frankfurtu nad Mohanem (N\u011bmecko).<\/p>\n<h4><strong>We offer pediatric services from 0 to 19 years old for foreign clients.<\/strong><br \/>\n<strong>We speak English,\u00a0 Russian<\/strong><\/h4>\n<h3>Ordinace poskytuje<\/h3>\n<ul>\n<li>\u200bKomplexn\u00ed l\u00e9\u010debnou p\u00e9\u010di d\u011bt\u00ed a dorostu ve v\u011bku 0-19 let<\/li>\n<li>\u200bKojeneckou poradnu ve v\u011bku 0-18 m\u011bs\u00edc\u016f v\u010detn\u011b v\u0161ech o\u010dkov\u00e1n\u00ed<\/li>\n<li>\u200bPreventivn\u00ed prohl\u00eddky ve v\u011bku 3, 5, 7, 9 , 11, 13, 15, 17 a 19 let<\/li>\n<li>\u200bPovinn\u00e9 a nepovinn\u00e9 o\u010dkov\u00e1n\u00ed<\/li>\n<li>\u200bMo\u017enost dohody nadstandardn\u00ed p\u00e9\u010de<\/li>\n<li>\u200bStanoven\u00ed CRP &#8211;\u00a0C reaktivn\u00edho proteinu- pro ur\u010den\u00ed pot\u0159eby ATB l\u00e9\u010dby<\/li>\n<\/ul>\n<p>&nbsp;<\/p>\n","protected":false},"excerpt":{"rendered":"<p>V\u00e1\u017een\u00ed rodi\u010de a pacienti,<\/p>\n","protected":false},"author":1,"featured_media":0,"parent":0,"menu_order":1,"comment_status":"closed","ping_status":"closed","template":"","meta":{"footnotes":""},"class_list":["post-9","page","type-page","status-publish","hentry"],"_links":{"self":[{"href":"https:\/\/pediatr-stecko.cz\/index.php?rest_route=\/wp\/v2\/pages\/9","targetHints":{"allow":["GET"]}}],"collection":[{"href":"https:\/\/pediatr-stecko.cz\/index.php?rest_route=\/wp\/v2\/pages"}],"about":[{"href":"https:\/\/pediatr-stecko.cz\/index.php?rest_route=\/wp\/v2\/types\/page"}],"author":[{"embeddable":true,"href":"https:\/\/pediatr-stecko.cz\/index.php?rest_route=\/wp\/v2\/users\/1"}],"replies":[{"embeddable":true,"href":"https:\/\/pediatr-stecko.cz\/index.php?rest_route=%2Fwp%2Fv2%2Fcomments&post=9"}],"version-history":[{"count":337,"href":"https:\/\/pediatr-stecko.cz\/index.php?rest_route=\/wp\/v2\/pages\/9\/revisions"}],"predecessor-version":[{"id":883,"href":"https:\/\/pediatr-stecko.cz\/index.php?rest_route=\/wp\/v2\/pages\/9\/revisions\/883"}],"wp:attachment":[{"href":"https:\/\/pediatr-stecko.cz\/index.php?rest_route=%2Fwp%2Fv2%2Fmedia&parent=9"}],"curies":[{"name":"wp","href":"https:\/\/api.w.org\/{rel}","templated":true}]}}