{"id":232,"date":"2015-02-07T19:25:22","date_gmt":"2015-02-07T19:25:22","guid":{"rendered":"http:\/\/pediatr-stecko.cz\/?page_id=232"},"modified":"2018-05-24T21:19:45","modified_gmt":"2018-05-24T21:19:45","slug":"ke-stazeni","status":"publish","type":"page","link":"https:\/\/pediatr-stecko.cz\/?page_id=232","title":{"rendered":"Ke sta\u017een\u00ed"},"content":{"rendered":"<h3>Formul\u00e1\u0159e ke sta\u017een\u00ed &#8211; Documents for download<\/h3>\n<p><a href=\"http:\/\/pediatr-stecko.cz\/wp-content\/uploads\/2018\/05\/Souhlas-pacienta-sd\u011blov\u00e1n\u00ed-informac\u00ed.doc\">GDPR &#8211; Souhlas pacienta &#8211; sd\u011blov\u00e1n\u00ed informac\u00ed<\/a><\/p>\n<p><a href=\"http:\/\/pediatr-stecko.cz\/wp-content\/uploads\/2015\/02\/Nesouhlas-povinne-ockovani.doc\">Nesouhlas s\u00a0poskytnut\u00edm zdravotn\u00edch slu\u017eeb \u2013 povinn\u00e9 o\u010dkov\u00e1n\u00ed<\/a><\/p>\n<p><a href=\"http:\/\/pediatr-stecko.cz\/wp-content\/uploads\/2015\/02\/Oznameni-soudu.doc\">Ozn\u00e1men\u00ed soudu dle ust.\u00a735, odst.3, z\u00e1kona \u010d.372-2011 Sb.<\/a><\/p>\n<p><a href=\"http:\/\/pediatr-stecko.cz\/wp-content\/uploads\/2015\/02\/Souhlas-nesouhlas-s-poskytnutim-zdravotnich-sluzeb.doc\">Souhlas &#8211; nesouhlas s poskytnut\u00edm zdravotn\u00edch slu\u017eeb<\/a><\/p>\n<p><a href=\"http:\/\/pediatr-stecko.cz\/wp-content\/uploads\/2015\/02\/Souhlas-a-nesouhlas-nepovinne-ockovani.doc\">Souhlas a nesouhlas nepovinn\u00e9 o\u010dkov\u00e1n\u00ed<\/a><\/p>\n<p><a href=\"http:\/\/pediatr-stecko.cz\/wp-content\/uploads\/2015\/02\/Souhlas-zakonneho-zastupce-nezletileho-pacienta-starsiho-15ti-let.doc\">Souhlas z\u00e1konn\u00e9ho z\u00e1stupce nezletil\u00e9ho pacienta star\u0161\u00edho 15ti let<\/a><\/p>\n<p><a href=\"http:\/\/pediatr-stecko.cz\/wp-content\/uploads\/2015\/02\/Urceni-osoby-opravnene.doc\">Ur\u010den\u00ed osoby opr\u00e1vn\u011bn\u00e9 dle z\u00e1kona o zdravotn\u00edch slu\u017eb\u00e1ch<\/a><\/p>\n","protected":false},"excerpt":{"rendered":"<p>Formul\u00e1\u0159e ke sta\u017een\u00ed &#8211; Documents for download GDPR &#8211; Souhlas pacienta &#8211; sd\u011blov\u00e1n\u00ed informac\u00ed Nesouhlas s\u00a0poskytnut\u00edm zdravotn\u00edch slu\u017eeb \u2013 povinn\u00e9 o\u010dkov\u00e1n\u00ed Ozn\u00e1men\u00ed soudu dle ust.\u00a735, odst.3, z\u00e1kona \u010d.372-2011 Sb. Souhlas &#8211; nesouhlas s poskytnut\u00edm zdravotn\u00edch slu\u017eeb Souhlas a nesouhlas nepovinn\u00e9 o\u010dkov\u00e1n\u00ed Souhlas z\u00e1konn\u00e9ho z\u00e1stupce nezletil\u00e9ho pacienta star\u0161\u00edho 15ti let Ur\u010den\u00ed osoby opr\u00e1vn\u011bn\u00e9 dle z\u00e1kona o [&hellip;]<\/p>\n","protected":false},"author":1,"featured_media":0,"parent":0,"menu_order":6,"comment_status":"closed","ping_status":"closed","template":"","meta":{"footnotes":""},"class_list":["post-232","page","type-page","status-publish","hentry"],"_links":{"self":[{"href":"https:\/\/pediatr-stecko.cz\/index.php?rest_route=\/wp\/v2\/pages\/232","targetHints":{"allow":["GET"]}}],"collection":[{"href":"https:\/\/pediatr-stecko.cz\/index.php?rest_route=\/wp\/v2\/pages"}],"about":[{"href":"https:\/\/pediatr-stecko.cz\/index.php?rest_route=\/wp\/v2\/types\/page"}],"author":[{"embeddable":true,"href":"https:\/\/pediatr-stecko.cz\/index.php?rest_route=\/wp\/v2\/users\/1"}],"replies":[{"embeddable":true,"href":"https:\/\/pediatr-stecko.cz\/index.php?rest_route=%2Fwp%2Fv2%2Fcomments&post=232"}],"version-history":[{"count":6,"href":"https:\/\/pediatr-stecko.cz\/index.php?rest_route=\/wp\/v2\/pages\/232\/revisions"}],"predecessor-version":[{"id":486,"href":"https:\/\/pediatr-stecko.cz\/index.php?rest_route=\/wp\/v2\/pages\/232\/revisions\/486"}],"wp:attachment":[{"href":"https:\/\/pediatr-stecko.cz\/index.php?rest_route=%2Fwp%2Fv2%2Fmedia&parent=232"}],"curies":[{"name":"wp","href":"https:\/\/api.w.org\/{rel}","templated":true}]}}