{"id":2,"date":"2015-01-14T18:54:20","date_gmt":"2015-01-14T18:54:20","guid":{"rendered":"http:\/\/pediatr-stecko.cz\/?page_id=2"},"modified":"2024-12-15T14:01:16","modified_gmt":"2024-12-15T14:01:16","slug":"sample-page","status":"publish","type":"page","link":"https:\/\/pediatr-stecko.cz\/?page_id=2","title":{"rendered":"Ordina\u010dn\u00ed hodiny"},"content":{"rendered":"<div>\n<p><strong style=\"color: #0000ff;\">P\u0159ed n\u00e1v\u0161t\u011bvou ordinace se v\u017edy objednejte telefonicky, <a href=\"mailto:pediatriepraha8@gmail.com\">emailem<\/a>\u00a0,\u00a0<a href=\"https:\/\/pediatr-stecko.cz\/\">dal\u0161\u00ed informace<\/a><\/strong><\/p>\n<\/div>\n<div><span style=\"color: #0000ff;\"><strong>Please book your visit in advance by phone or <a href=\"mailto:pediatriepraha8@gmail.com\">e-mail<\/a> , <a href=\"https:\/\/pediatr-stecko.cz\/\">further information<\/a><\/strong><\/span><\/div>\n<table style=\"height: 404px;\" width=\"438\">\n<tbody>\n<tr>\n<td>POND\u011aL\u00cd<\/td>\n<td>8:00 &#8211; 15:00<\/td>\n<\/tr>\n<tr>\n<td>\u00daTER\u00dd<\/td>\n<td>13:00 &#8211; 18:00<\/td>\n<\/tr>\n<tr>\n<td>ST\u0158EDA<\/td>\n<td>8:00 &#8211; 15:00<\/td>\n<\/tr>\n<tr>\n<td>\u010cTVRTEK<\/td>\n<td>8:00 &#8211; 15:00<\/td>\n<\/tr>\n<tr>\n<td>P\u00c1TEK<\/td>\n<td>8:00 &#8211; 12:00<\/td>\n<\/tr>\n<\/tbody>\n<\/table>\n<div class=\"map_gl\"><\/div>\n","protected":false},"excerpt":{"rendered":"<p>P\u0159ed n\u00e1v\u0161t\u011bvou ordinace se v\u017edy objednejte telefonicky, emailem\u00a0,\u00a0dal\u0161\u00ed informace Please book your visit in advance by phone or e-mail , further information POND\u011aL\u00cd 8:00 &#8211; 15:00 \u00daTER\u00dd 13:00 &#8211; 18:00 ST\u0158EDA 8:00 &#8211; 15:00 \u010cTVRTEK 8:00 &#8211; 15:00 P\u00c1TEK 8:00 &#8211; 12:00<\/p>\n","protected":false},"author":1,"featured_media":0,"parent":0,"menu_order":2,"comment_status":"closed","ping_status":"closed","template":"","meta":{"footnotes":""},"class_list":["post-2","page","type-page","status-publish","hentry"],"_links":{"self":[{"href":"https:\/\/pediatr-stecko.cz\/index.php?rest_route=\/wp\/v2\/pages\/2","targetHints":{"allow":["GET"]}}],"collection":[{"href":"https:\/\/pediatr-stecko.cz\/index.php?rest_route=\/wp\/v2\/pages"}],"about":[{"href":"https:\/\/pediatr-stecko.cz\/index.php?rest_route=\/wp\/v2\/types\/page"}],"author":[{"embeddable":true,"href":"https:\/\/pediatr-stecko.cz\/index.php?rest_route=\/wp\/v2\/users\/1"}],"replies":[{"embeddable":true,"href":"https:\/\/pediatr-stecko.cz\/index.php?rest_route=%2Fwp%2Fv2%2Fcomments&post=2"}],"version-history":[{"count":112,"href":"https:\/\/pediatr-stecko.cz\/index.php?rest_route=\/wp\/v2\/pages\/2\/revisions"}],"predecessor-version":[{"id":812,"href":"https:\/\/pediatr-stecko.cz\/index.php?rest_route=\/wp\/v2\/pages\/2\/revisions\/812"}],"wp:attachment":[{"href":"https:\/\/pediatr-stecko.cz\/index.php?rest_route=%2Fwp%2Fv2%2Fmedia&parent=2"}],"curies":[{"name":"wp","href":"https:\/\/api.w.org\/{rel}","templated":true}]}}